{"id":9468,"date":"2025-02-18T16:23:51","date_gmt":"2025-02-18T15:23:51","guid":{"rendered":"https:\/\/terraenatura.com\/?post_type=product&#038;p=9468"},"modified":"2025-02-23T16:40:30","modified_gmt":"2025-02-23T15:40:30","slug":"mais-dolce-cotto-a-vapore-selex","status":"publish","type":"product","link":"https:\/\/terraenatura.com\/en\/product\/mais-dolce-cotto-a-vapore-selex\/","title":{"rendered":"Mais Dolce Cotto a Vapore SELEX gr.326"},"content":{"rendered":"<p>Il <strong>Mais Dolce <\/strong>\u00a0\u00e8 un prodotto a base di mais selezionato, tenero e naturalmente dolce, senza conservanti aggiunti. \u00c8 cotto al vapore per preservare il gusto autentico e le propriet\u00e0 nutritive del mais. \u00c8 ideale per insalate, contorni, piatti freddi o come ingrediente per ricette pi\u00f9 elaborate. Disponibile in lattine di varie dimensioni, \u00e8 pratico e pronto all\u2019uso.<\/p>","protected":false},"excerpt":{"rendered":"<p>1 Barattolo 326 gr.<\/p>\n<p>.<\/p>\n<p>&nbsp;<\/p>","protected":false},"featured_media":9469,"comment_status":"open","ping_status":"closed","template":"","meta":[],"product_brand":[],"product_cat":[100],"product_tag":[],"class_list":{"0":"post-9468","1":"product","2":"type-product","3":"status-publish","4":"has-post-thumbnail","6":"product_cat-sottoli-e-conservati","8":"first","9":"instock","10":"shipping-taxable","11":"purchasable","12":"product-type-simple"},"_links":{"self":[{"href":"https:\/\/terraenatura.com\/en\/wp-json\/wp\/v2\/product\/9468","targetHints":{"allow":["GET"]}}],"collection":[{"href":"https:\/\/terraenatura.com\/en\/wp-json\/wp\/v2\/product"}],"about":[{"href":"https:\/\/terraenatura.com\/en\/wp-json\/wp\/v2\/types\/product"}],"replies":[{"embeddable":true,"href":"https:\/\/terraenatura.com\/en\/wp-json\/wp\/v2\/comments?post=9468"}],"version-history":[{"count":2,"href":"https:\/\/terraenatura.com\/en\/wp-json\/wp\/v2\/product\/9468\/revisions"}],"predecessor-version":[{"id":10178,"href":"https:\/\/terraenatura.com\/en\/wp-json\/wp\/v2\/product\/9468\/revisions\/10178"}],"wp:featuredmedia":[{"embeddable":true,"href":"https:\/\/terraenatura.com\/en\/wp-json\/wp\/v2\/media\/9469"}],"wp:attachment":[{"href":"https:\/\/terraenatura.com\/en\/wp-json\/wp\/v2\/media?parent=9468"}],"wp:term":[{"taxonomy":"product_brand","embeddable":true,"href":"https:\/\/terraenatura.com\/en\/wp-json\/wp\/v2\/product_brand?post=9468"},{"taxonomy":"product_cat","embeddable":true,"href":"https:\/\/terraenatura.com\/en\/wp-json\/wp\/v2\/product_cat?post=9468"},{"taxonomy":"product_tag","embeddable":true,"href":"https:\/\/terraenatura.com\/en\/wp-json\/wp\/v2\/product_tag?post=9468"}],"curies":[{"name":"wp","href":"https:\/\/api.w.org\/{rel}","templated":true}]}}