{"id":9668,"date":"2025-02-20T12:01:49","date_gmt":"2025-02-20T11:01:49","guid":{"rendered":"https:\/\/terraenatura.com\/?post_type=product&#038;p=9668"},"modified":"2025-02-23T16:04:47","modified_gmt":"2025-02-23T15:04:47","slug":"aceto-balsamico-di-modena-i-g-p-ponti","status":"publish","type":"product","link":"https:\/\/terraenatura.com\/en\/product\/aceto-balsamico-di-modena-i-g-p-ponti\/","title":{"rendered":"Aceto Balsamico di Modena I.G.P. Ponti ml.500"},"content":{"rendered":"<p>L&#8217;Aceto Balsamico di Modena I.G.P. Ponti \u00e8 un condimento tradizionale italiano, rinomato per la sua qualit\u00e0 e il suo sapore unico. Questo aceto balsamico \u00e8 prodotto con mosto d&#8217;uva cotto e aceto di vino, seguendo un processo che prevede una lenta maturazione in botti di legno, che conferisce al prodotto una consistenza densa e un gusto ricco e armonico. Il marchio Ponti \u00e8 sinonimo di eccellenza, e il suo Aceto Balsamico di Modena I.G.P. ha un equilibrio perfetto tra dolcezza e acidit\u00e0, con note fruttate e un retrogusto leggermente legnoso. \u00c8 ideale per insalate, piatti di carne, formaggi stagionati e anche come ingrediente per salse e marinature.<\/p>","protected":false},"excerpt":{"rendered":"<p>1 Bottiglia in Vetro 500 ml.<\/p>","protected":false},"featured_media":9669,"comment_status":"open","ping_status":"closed","template":"","meta":[],"product_brand":[],"product_cat":[96],"product_tag":[],"class_list":{"0":"post-9668","1":"product","2":"type-product","3":"status-publish","4":"has-post-thumbnail","6":"product_cat-olio-aceto-e-sale","8":"first","9":"instock","10":"shipping-taxable","11":"purchasable","12":"product-type-simple"},"_links":{"self":[{"href":"https:\/\/terraenatura.com\/en\/wp-json\/wp\/v2\/product\/9668","targetHints":{"allow":["GET"]}}],"collection":[{"href":"https:\/\/terraenatura.com\/en\/wp-json\/wp\/v2\/product"}],"about":[{"href":"https:\/\/terraenatura.com\/en\/wp-json\/wp\/v2\/types\/product"}],"replies":[{"embeddable":true,"href":"https:\/\/terraenatura.com\/en\/wp-json\/wp\/v2\/comments?post=9668"}],"version-history":[{"count":2,"href":"https:\/\/terraenatura.com\/en\/wp-json\/wp\/v2\/product\/9668\/revisions"}],"predecessor-version":[{"id":10120,"href":"https:\/\/terraenatura.com\/en\/wp-json\/wp\/v2\/product\/9668\/revisions\/10120"}],"wp:featuredmedia":[{"embeddable":true,"href":"https:\/\/terraenatura.com\/en\/wp-json\/wp\/v2\/media\/9669"}],"wp:attachment":[{"href":"https:\/\/terraenatura.com\/en\/wp-json\/wp\/v2\/media?parent=9668"}],"wp:term":[{"taxonomy":"product_brand","embeddable":true,"href":"https:\/\/terraenatura.com\/en\/wp-json\/wp\/v2\/product_brand?post=9668"},{"taxonomy":"product_cat","embeddable":true,"href":"https:\/\/terraenatura.com\/en\/wp-json\/wp\/v2\/product_cat?post=9668"},{"taxonomy":"product_tag","embeddable":true,"href":"https:\/\/terraenatura.com\/en\/wp-json\/wp\/v2\/product_tag?post=9668"}],"curies":[{"name":"wp","href":"https:\/\/api.w.org\/{rel}","templated":true}]}}