{"id":9694,"date":"2025-02-20T12:21:46","date_gmt":"2025-02-20T11:21:46","guid":{"rendered":"https:\/\/terraenatura.com\/?post_type=product&#038;p=9694"},"modified":"2025-02-23T16:01:57","modified_gmt":"2025-02-23T15:01:57","slug":"olio-di-semi-di-girasole-su","status":"publish","type":"product","link":"https:\/\/terraenatura.com\/en\/product\/olio-di-semi-di-girasole-su\/","title":{"rendered":"Olio di Semi di Girasole S\u00f9 lt.1"},"content":{"rendered":"<p>L&#8217;<strong>olio di semi di girasole S\u00f9<\/strong> \u00e8 un olio vegetale ottenuto dalla spremitura dei semi di girasole. \u00c8 apprezzato per il suo sapore delicato e la sua versatilit\u00e0 in cucina, ideale per fritture, condimenti e preparazioni leggere. Ricco di acidi grassi insaturi e vitamina E, contribuisce a una dieta equilibrata. Grazie alla sua elevata resistenza al calore, \u00e8 una scelta ottimale per cucinare in modo sano e gustoso.<\/p>","protected":false},"excerpt":{"rendered":"<p>1 Bottiglia 1 lt.<\/p>","protected":false},"featured_media":9695,"comment_status":"open","ping_status":"closed","template":"","meta":[],"product_brand":[],"product_cat":[96],"product_tag":[],"class_list":{"0":"post-9694","1":"product","2":"type-product","3":"status-publish","4":"has-post-thumbnail","6":"product_cat-olio-aceto-e-sale","8":"first","9":"instock","10":"shipping-taxable","11":"purchasable","12":"product-type-simple"},"_links":{"self":[{"href":"https:\/\/terraenatura.com\/en\/wp-json\/wp\/v2\/product\/9694","targetHints":{"allow":["GET"]}}],"collection":[{"href":"https:\/\/terraenatura.com\/en\/wp-json\/wp\/v2\/product"}],"about":[{"href":"https:\/\/terraenatura.com\/en\/wp-json\/wp\/v2\/types\/product"}],"replies":[{"embeddable":true,"href":"https:\/\/terraenatura.com\/en\/wp-json\/wp\/v2\/comments?post=9694"}],"version-history":[{"count":2,"href":"https:\/\/terraenatura.com\/en\/wp-json\/wp\/v2\/product\/9694\/revisions"}],"predecessor-version":[{"id":10112,"href":"https:\/\/terraenatura.com\/en\/wp-json\/wp\/v2\/product\/9694\/revisions\/10112"}],"wp:featuredmedia":[{"embeddable":true,"href":"https:\/\/terraenatura.com\/en\/wp-json\/wp\/v2\/media\/9695"}],"wp:attachment":[{"href":"https:\/\/terraenatura.com\/en\/wp-json\/wp\/v2\/media?parent=9694"}],"wp:term":[{"taxonomy":"product_brand","embeddable":true,"href":"https:\/\/terraenatura.com\/en\/wp-json\/wp\/v2\/product_brand?post=9694"},{"taxonomy":"product_cat","embeddable":true,"href":"https:\/\/terraenatura.com\/en\/wp-json\/wp\/v2\/product_cat?post=9694"},{"taxonomy":"product_tag","embeddable":true,"href":"https:\/\/terraenatura.com\/en\/wp-json\/wp\/v2\/product_tag?post=9694"}],"curies":[{"name":"wp","href":"https:\/\/api.w.org\/{rel}","templated":true}]}}