{"id":9697,"date":"2025-02-20T12:24:30","date_gmt":"2025-02-20T11:24:30","guid":{"rendered":"https:\/\/terraenatura.com\/?post_type=product&#038;p=9697"},"modified":"2025-02-23T16:00:53","modified_gmt":"2025-02-23T15:00:53","slug":"succo-di-limone-polenghi","status":"publish","type":"product","link":"https:\/\/terraenatura.com\/en\/product\/succo-di-limone-polenghi\/","title":{"rendered":"Succo di Limone Polenghi ml.200"},"content":{"rendered":"<p>Il <strong>Succo di Limone Polenghi<\/strong> \u00e8 un prodotto ottenuto da limoni selezionati, spremuti e confezionati per mantenere intatto il loro sapore fresco e naturale. \u00c8 ideale per condire piatti, preparare bevande rinfrescanti, dolci o marinature. Solitamente venduto in pratiche bottigliette o confezioni a forma di limone, il succo di limone Polenghi \u00e8 apprezzato per la sua qualit\u00e0 e comodit\u00e0 d\u2019uso.<\/p>","protected":false},"excerpt":{"rendered":"<p>1 Bottiglietta 200 ml.<\/p>","protected":false},"featured_media":9698,"comment_status":"open","ping_status":"closed","template":"","meta":[],"product_brand":[],"product_cat":[96],"product_tag":[],"class_list":{"0":"post-9697","1":"product","2":"type-product","3":"status-publish","4":"has-post-thumbnail","6":"product_cat-olio-aceto-e-sale","8":"first","9":"instock","10":"shipping-taxable","11":"purchasable","12":"product-type-simple"},"_links":{"self":[{"href":"https:\/\/terraenatura.com\/en\/wp-json\/wp\/v2\/product\/9697","targetHints":{"allow":["GET"]}}],"collection":[{"href":"https:\/\/terraenatura.com\/en\/wp-json\/wp\/v2\/product"}],"about":[{"href":"https:\/\/terraenatura.com\/en\/wp-json\/wp\/v2\/types\/product"}],"replies":[{"embeddable":true,"href":"https:\/\/terraenatura.com\/en\/wp-json\/wp\/v2\/comments?post=9697"}],"version-history":[{"count":2,"href":"https:\/\/terraenatura.com\/en\/wp-json\/wp\/v2\/product\/9697\/revisions"}],"predecessor-version":[{"id":10111,"href":"https:\/\/terraenatura.com\/en\/wp-json\/wp\/v2\/product\/9697\/revisions\/10111"}],"wp:featuredmedia":[{"embeddable":true,"href":"https:\/\/terraenatura.com\/en\/wp-json\/wp\/v2\/media\/9698"}],"wp:attachment":[{"href":"https:\/\/terraenatura.com\/en\/wp-json\/wp\/v2\/media?parent=9697"}],"wp:term":[{"taxonomy":"product_brand","embeddable":true,"href":"https:\/\/terraenatura.com\/en\/wp-json\/wp\/v2\/product_brand?post=9697"},{"taxonomy":"product_cat","embeddable":true,"href":"https:\/\/terraenatura.com\/en\/wp-json\/wp\/v2\/product_cat?post=9697"},{"taxonomy":"product_tag","embeddable":true,"href":"https:\/\/terraenatura.com\/en\/wp-json\/wp\/v2\/product_tag?post=9697"}],"curies":[{"name":"wp","href":"https:\/\/api.w.org\/{rel}","templated":true}]}}