{"id":9727,"date":"2025-02-21T12:12:22","date_gmt":"2025-02-21T11:12:22","guid":{"rendered":"https:\/\/terraenatura.com\/?post_type=product&#038;p=9727"},"modified":"2026-01-28T11:38:32","modified_gmt":"2026-01-28T10:38:32","slug":"pate-tonno-rio-mare","status":"publish","type":"product","link":"https:\/\/terraenatura.com\/en\/product\/pate-tonno-rio-mare\/","title":{"rendered":"Pat\u00e8 Tonno Rio Mare gr.100"},"content":{"rendered":"<p>Il <strong>Pat\u00e9 di Tonno Rio Mare<\/strong> \u00e8 una crema spalmabile a base di tonno, caratterizzata da una consistenza morbida e un gusto delicato. \u00c8 disponibile in diverse varianti, come la versione classica, con olive o con peperoncino, ed \u00e8 ideale per essere spalmato su pane, cracker o tartine. Perfetto per aperitivi, snack veloci o per arricchire ricette sfiziose, viene confezionato in pratici tubetti o vasetti per una facile conservazione e utilizzo.<\/p>","protected":false},"excerpt":{"rendered":"<p>1 Tubetto100 gr.<\/p>","protected":false},"featured_media":9728,"comment_status":"open","ping_status":"closed","template":"","meta":[],"product_brand":[],"product_cat":[100],"product_tag":[],"class_list":{"0":"post-9727","1":"product","2":"type-product","3":"status-publish","4":"has-post-thumbnail","6":"product_cat-sottoli-e-conservati","8":"first","9":"outofstock","10":"shipping-taxable","11":"purchasable","12":"product-type-simple"},"_links":{"self":[{"href":"https:\/\/terraenatura.com\/en\/wp-json\/wp\/v2\/product\/9727","targetHints":{"allow":["GET"]}}],"collection":[{"href":"https:\/\/terraenatura.com\/en\/wp-json\/wp\/v2\/product"}],"about":[{"href":"https:\/\/terraenatura.com\/en\/wp-json\/wp\/v2\/types\/product"}],"replies":[{"embeddable":true,"href":"https:\/\/terraenatura.com\/en\/wp-json\/wp\/v2\/comments?post=9727"}],"version-history":[{"count":2,"href":"https:\/\/terraenatura.com\/en\/wp-json\/wp\/v2\/product\/9727\/revisions"}],"predecessor-version":[{"id":10104,"href":"https:\/\/terraenatura.com\/en\/wp-json\/wp\/v2\/product\/9727\/revisions\/10104"}],"wp:featuredmedia":[{"embeddable":true,"href":"https:\/\/terraenatura.com\/en\/wp-json\/wp\/v2\/media\/9728"}],"wp:attachment":[{"href":"https:\/\/terraenatura.com\/en\/wp-json\/wp\/v2\/media?parent=9727"}],"wp:term":[{"taxonomy":"product_brand","embeddable":true,"href":"https:\/\/terraenatura.com\/en\/wp-json\/wp\/v2\/product_brand?post=9727"},{"taxonomy":"product_cat","embeddable":true,"href":"https:\/\/terraenatura.com\/en\/wp-json\/wp\/v2\/product_cat?post=9727"},{"taxonomy":"product_tag","embeddable":true,"href":"https:\/\/terraenatura.com\/en\/wp-json\/wp\/v2\/product_tag?post=9727"}],"curies":[{"name":"wp","href":"https:\/\/api.w.org\/{rel}","templated":true}]}}