{"id":9737,"date":"2025-02-21T12:21:44","date_gmt":"2025-02-21T11:21:44","guid":{"rendered":"https:\/\/terraenatura.com\/?post_type=product&#038;p=9737"},"modified":"2025-02-23T15:55:50","modified_gmt":"2025-02-23T14:55:50","slug":"sale-rosa-dellhimalaya-fino-gemma-di-mare-gli-integrali","status":"publish","type":"product","link":"https:\/\/terraenatura.com\/en\/product\/sale-rosa-dellhimalaya-fino-gemma-di-mare-gli-integrali\/","title":{"rendered":"Sale Rosa dell&#8217;Himalaya Fino &#8220;Gemma di mare Gli Integrali&#8221; kg.1"},"content":{"rendered":"<p>Il <strong>Sale Rosa dell\u2019Himalaya Fino Gemma di Mare Gli Integrali<\/strong> \u00e8 un sale naturale estratto dalle antiche miniere dell&#8217;Himalaya. La sua caratteristica colorazione rosa \u00e8 dovuta alla presenza di minerali come ferro, potassio e magnesio. Questo sale, non raffinato e privo di additivi, \u00e8 ideale per esaltare il sapore di piatti sia dolci che salati. La sua grana fine lo rende perfetto per l\u2019uso quotidiano in cucina, permettendo una distribuzione uniforme nei cibi.<\/p>","protected":false},"excerpt":{"rendered":"<p>1 Confezione 1 kg.<\/p>","protected":false},"featured_media":9738,"comment_status":"open","ping_status":"closed","template":"","meta":[],"product_brand":[],"product_cat":[96],"product_tag":[],"class_list":{"0":"post-9737","1":"product","2":"type-product","3":"status-publish","4":"has-post-thumbnail","6":"product_cat-olio-aceto-e-sale","8":"first","9":"instock","10":"shipping-taxable","11":"purchasable","12":"product-type-simple"},"_links":{"self":[{"href":"https:\/\/terraenatura.com\/en\/wp-json\/wp\/v2\/product\/9737","targetHints":{"allow":["GET"]}}],"collection":[{"href":"https:\/\/terraenatura.com\/en\/wp-json\/wp\/v2\/product"}],"about":[{"href":"https:\/\/terraenatura.com\/en\/wp-json\/wp\/v2\/types\/product"}],"replies":[{"embeddable":true,"href":"https:\/\/terraenatura.com\/en\/wp-json\/wp\/v2\/comments?post=9737"}],"version-history":[{"count":3,"href":"https:\/\/terraenatura.com\/en\/wp-json\/wp\/v2\/product\/9737\/revisions"}],"predecessor-version":[{"id":10101,"href":"https:\/\/terraenatura.com\/en\/wp-json\/wp\/v2\/product\/9737\/revisions\/10101"}],"wp:featuredmedia":[{"embeddable":true,"href":"https:\/\/terraenatura.com\/en\/wp-json\/wp\/v2\/media\/9738"}],"wp:attachment":[{"href":"https:\/\/terraenatura.com\/en\/wp-json\/wp\/v2\/media?parent=9737"}],"wp:term":[{"taxonomy":"product_brand","embeddable":true,"href":"https:\/\/terraenatura.com\/en\/wp-json\/wp\/v2\/product_brand?post=9737"},{"taxonomy":"product_cat","embeddable":true,"href":"https:\/\/terraenatura.com\/en\/wp-json\/wp\/v2\/product_cat?post=9737"},{"taxonomy":"product_tag","embeddable":true,"href":"https:\/\/terraenatura.com\/en\/wp-json\/wp\/v2\/product_tag?post=9737"}],"curies":[{"name":"wp","href":"https:\/\/api.w.org\/{rel}","templated":true}]}}