{"id":9938,"date":"2025-02-22T10:48:05","date_gmt":"2025-02-22T09:48:05","guid":{"rendered":"https:\/\/terraenatura.com\/?post_type=product&#038;p=9938"},"modified":"2026-01-28T11:33:22","modified_gmt":"2026-01-28T10:33:22","slug":"spaghetti-n-11","status":"publish","type":"product","link":"https:\/\/terraenatura.com\/en\/product\/spaghetti-n-11\/","title":{"rendered":"Spaghetti n. 11 gr.500"},"content":{"rendered":"<p>Gli spaghetti n. 11 sono una tipologia di pasta lunga e sottile, tipica della tradizione italiana, con un diametro intermedio. Sono molto versatili in cucina e si prestano ad abbinamenti con vari sughi, come il pomodoro, il pesto o il rag\u00f9. La numerazione indica lo spessore della pasta, con il numero 11 che si colloca tra le varianti pi\u00f9 comuni, n\u00e9 troppo sottili n\u00e9 troppo spessi. Gli spaghetti n. 11 sono ideali per chi cerca una consistenza equilibrata e un piatto di pasta che cuoce in modo uniforme.<\/p>","protected":false},"excerpt":{"rendered":"<p>1 Confezione 500 gr.<\/p>","protected":false},"featured_media":9936,"comment_status":"open","ping_status":"closed","template":"","meta":[],"product_brand":[],"product_cat":[98],"product_tag":[],"class_list":{"0":"post-9938","1":"product","2":"type-product","3":"status-publish","4":"has-post-thumbnail","6":"product_cat-pasta-e-riso","8":"first","9":"instock","10":"shipping-taxable","11":"purchasable","12":"product-type-simple"},"_links":{"self":[{"href":"https:\/\/terraenatura.com\/en\/wp-json\/wp\/v2\/product\/9938","targetHints":{"allow":["GET"]}}],"collection":[{"href":"https:\/\/terraenatura.com\/en\/wp-json\/wp\/v2\/product"}],"about":[{"href":"https:\/\/terraenatura.com\/en\/wp-json\/wp\/v2\/types\/product"}],"replies":[{"embeddable":true,"href":"https:\/\/terraenatura.com\/en\/wp-json\/wp\/v2\/comments?post=9938"}],"version-history":[{"count":2,"href":"https:\/\/terraenatura.com\/en\/wp-json\/wp\/v2\/product\/9938\/revisions"}],"predecessor-version":[{"id":10040,"href":"https:\/\/terraenatura.com\/en\/wp-json\/wp\/v2\/product\/9938\/revisions\/10040"}],"wp:featuredmedia":[{"embeddable":true,"href":"https:\/\/terraenatura.com\/en\/wp-json\/wp\/v2\/media\/9936"}],"wp:attachment":[{"href":"https:\/\/terraenatura.com\/en\/wp-json\/wp\/v2\/media?parent=9938"}],"wp:term":[{"taxonomy":"product_brand","embeddable":true,"href":"https:\/\/terraenatura.com\/en\/wp-json\/wp\/v2\/product_brand?post=9938"},{"taxonomy":"product_cat","embeddable":true,"href":"https:\/\/terraenatura.com\/en\/wp-json\/wp\/v2\/product_cat?post=9938"},{"taxonomy":"product_tag","embeddable":true,"href":"https:\/\/terraenatura.com\/en\/wp-json\/wp\/v2\/product_tag?post=9938"}],"curies":[{"name":"wp","href":"https:\/\/api.w.org\/{rel}","templated":true}]}}