{"id":9979,"date":"2025-02-22T11:46:29","date_gmt":"2025-02-22T10:46:29","guid":{"rendered":"https:\/\/terraenatura.com\/?post_type=product&#038;p=9979"},"modified":"2026-01-28T11:22:20","modified_gmt":"2026-01-28T10:22:20","slug":"rigatoni-di-borgo-pace-pasta-semola-di-grano-duro-italiano","status":"publish","type":"product","link":"https:\/\/terraenatura.com\/en\/product\/rigatoni-di-borgo-pace-pasta-semola-di-grano-duro-italiano\/","title":{"rendered":"Rigatoni di Borgo Pace &#8220;Pasta Semola di Grano Duro Italiano&#8221; gr.500"},"content":{"rendered":"<p>I <em>Rigatoni Pasta di Borgo Pace<\/em> sono una pasta artigianale prodotta con semola di grano duro italiano di alta qualit\u00e0. La loro forma rigata, larga e con un foro al centro, permette di trattenere meglio i condimenti, offrendo una consistenza perfetta al morso. Questa pasta \u00e8 ideale per sughi ricchi e piatti di lunga cottura, grazie alla sua robustezza e capacit\u00e0 di assorbire i sapori. Realizzata secondo tradizione, \u00e8 una scelta eccellente per chi cerca un prodotto autentico e genuino.<\/p>","protected":false},"excerpt":{"rendered":"<p>1 Confezione 500 gr.<\/p>","protected":false},"featured_media":9980,"comment_status":"open","ping_status":"closed","template":"","meta":[],"product_brand":[],"product_cat":[98],"product_tag":[],"class_list":{"0":"post-9979","1":"product","2":"type-product","3":"status-publish","4":"has-post-thumbnail","6":"product_cat-pasta-e-riso","8":"first","9":"instock","10":"shipping-taxable","11":"purchasable","12":"product-type-simple"},"_links":{"self":[{"href":"https:\/\/terraenatura.com\/en\/wp-json\/wp\/v2\/product\/9979","targetHints":{"allow":["GET"]}}],"collection":[{"href":"https:\/\/terraenatura.com\/en\/wp-json\/wp\/v2\/product"}],"about":[{"href":"https:\/\/terraenatura.com\/en\/wp-json\/wp\/v2\/types\/product"}],"replies":[{"embeddable":true,"href":"https:\/\/terraenatura.com\/en\/wp-json\/wp\/v2\/comments?post=9979"}],"version-history":[{"count":2,"href":"https:\/\/terraenatura.com\/en\/wp-json\/wp\/v2\/product\/9979\/revisions"}],"predecessor-version":[{"id":10028,"href":"https:\/\/terraenatura.com\/en\/wp-json\/wp\/v2\/product\/9979\/revisions\/10028"}],"wp:featuredmedia":[{"embeddable":true,"href":"https:\/\/terraenatura.com\/en\/wp-json\/wp\/v2\/media\/9980"}],"wp:attachment":[{"href":"https:\/\/terraenatura.com\/en\/wp-json\/wp\/v2\/media?parent=9979"}],"wp:term":[{"taxonomy":"product_brand","embeddable":true,"href":"https:\/\/terraenatura.com\/en\/wp-json\/wp\/v2\/product_brand?post=9979"},{"taxonomy":"product_cat","embeddable":true,"href":"https:\/\/terraenatura.com\/en\/wp-json\/wp\/v2\/product_cat?post=9979"},{"taxonomy":"product_tag","embeddable":true,"href":"https:\/\/terraenatura.com\/en\/wp-json\/wp\/v2\/product_tag?post=9979"}],"curies":[{"name":"wp","href":"https:\/\/api.w.org\/{rel}","templated":true}]}}