{"id":9989,"date":"2025-02-22T12:05:09","date_gmt":"2025-02-22T11:05:09","guid":{"rendered":"https:\/\/terraenatura.com\/?post_type=product&#038;p=9989"},"modified":"2025-11-28T18:07:52","modified_gmt":"2025-11-28T17:07:52","slug":"quadrettoni-luciana-mosconi","status":"publish","type":"product","link":"https:\/\/terraenatura.com\/en\/product\/quadrettoni-luciana-mosconi\/","title":{"rendered":"Quadrettoni Luciana Mosconi gr.250"},"content":{"rendered":"<p>I <em>Quadrettoni Luciana Mosconi<\/em> sono una tipica variet\u00e0 di pasta italiana, prodotta dal noto brand Luciana Mosconi. Si tratta di quadratini di pasta fresca, generalmente preparati con semola di grano duro di alta qualit\u00e0. La forma dei quadrettoni permette una cottura uniforme e una buona capacit\u00e0 di trattenere sughi e condimenti, rendendoli ideali per piatti ricchi e sostanziosi. Questa pasta \u00e8 spesso utilizzata per ricette al forno o in zuppe, ed \u00e8 apprezzata per la sua consistenza e versatilit\u00e0.<\/p>","protected":false},"excerpt":{"rendered":"<p>1 Confezione 250 gr.<\/p>","protected":false},"featured_media":9990,"comment_status":"open","ping_status":"closed","template":"","meta":[],"product_brand":[],"product_cat":[98],"product_tag":[],"class_list":{"0":"post-9989","1":"product","2":"type-product","3":"status-publish","4":"has-post-thumbnail","6":"product_cat-pasta-e-riso","8":"first","9":"instock","10":"shipping-taxable","11":"purchasable","12":"product-type-simple"},"_links":{"self":[{"href":"https:\/\/terraenatura.com\/en\/wp-json\/wp\/v2\/product\/9989","targetHints":{"allow":["GET"]}}],"collection":[{"href":"https:\/\/terraenatura.com\/en\/wp-json\/wp\/v2\/product"}],"about":[{"href":"https:\/\/terraenatura.com\/en\/wp-json\/wp\/v2\/types\/product"}],"replies":[{"embeddable":true,"href":"https:\/\/terraenatura.com\/en\/wp-json\/wp\/v2\/comments?post=9989"}],"version-history":[{"count":2,"href":"https:\/\/terraenatura.com\/en\/wp-json\/wp\/v2\/product\/9989\/revisions"}],"predecessor-version":[{"id":10025,"href":"https:\/\/terraenatura.com\/en\/wp-json\/wp\/v2\/product\/9989\/revisions\/10025"}],"wp:featuredmedia":[{"embeddable":true,"href":"https:\/\/terraenatura.com\/en\/wp-json\/wp\/v2\/media\/9990"}],"wp:attachment":[{"href":"https:\/\/terraenatura.com\/en\/wp-json\/wp\/v2\/media?parent=9989"}],"wp:term":[{"taxonomy":"product_brand","embeddable":true,"href":"https:\/\/terraenatura.com\/en\/wp-json\/wp\/v2\/product_brand?post=9989"},{"taxonomy":"product_cat","embeddable":true,"href":"https:\/\/terraenatura.com\/en\/wp-json\/wp\/v2\/product_cat?post=9989"},{"taxonomy":"product_tag","embeddable":true,"href":"https:\/\/terraenatura.com\/en\/wp-json\/wp\/v2\/product_tag?post=9989"}],"curies":[{"name":"wp","href":"https:\/\/api.w.org\/{rel}","templated":true}]}}