{"id":9998,"date":"2025-02-22T12:09:24","date_gmt":"2025-02-22T11:09:24","guid":{"rendered":"https:\/\/terraenatura.com\/?post_type=product&#038;p=9998"},"modified":"2025-02-22T12:25:32","modified_gmt":"2025-02-22T11:25:32","slug":"filini-luciana-mosconi-2","status":"publish","type":"product","link":"https:\/\/terraenatura.com\/en\/product\/filini-luciana-mosconi-2\/","title":{"rendered":"Filini Luciana Mosconi gr.250"},"content":{"rendered":"<p>I Filini Luciana Mosconi sono una pasta corta, tipica della tradizione italiana, dal formato piccolo e delicato. Sono ideali per preparare minestre, zuppe e piatti al forno, grazie alla loro consistenza che trattiene bene i condimenti. La loro lavorazione artigianale e l&#8217;uso di ingredienti di qualit\u00e0 li rendono un prodotto apprezzato per la sua semplicit\u00e0 e versatilit\u00e0 in cucina.<\/p>","protected":false},"excerpt":{"rendered":"<p>1 Confezione 250 gr.<\/p>","protected":false},"featured_media":9996,"comment_status":"open","ping_status":"closed","template":"","meta":[],"product_brand":[],"product_cat":[98],"product_tag":[],"class_list":{"0":"post-9998","1":"product","2":"type-product","3":"status-publish","4":"has-post-thumbnail","6":"product_cat-pasta-e-riso","8":"first","9":"instock","10":"shipping-taxable","11":"purchasable","12":"product-type-simple"},"_links":{"self":[{"href":"https:\/\/terraenatura.com\/en\/wp-json\/wp\/v2\/product\/9998","targetHints":{"allow":["GET"]}}],"collection":[{"href":"https:\/\/terraenatura.com\/en\/wp-json\/wp\/v2\/product"}],"about":[{"href":"https:\/\/terraenatura.com\/en\/wp-json\/wp\/v2\/types\/product"}],"replies":[{"embeddable":true,"href":"https:\/\/terraenatura.com\/en\/wp-json\/wp\/v2\/comments?post=9998"}],"version-history":[{"count":2,"href":"https:\/\/terraenatura.com\/en\/wp-json\/wp\/v2\/product\/9998\/revisions"}],"predecessor-version":[{"id":10022,"href":"https:\/\/terraenatura.com\/en\/wp-json\/wp\/v2\/product\/9998\/revisions\/10022"}],"wp:featuredmedia":[{"embeddable":true,"href":"https:\/\/terraenatura.com\/en\/wp-json\/wp\/v2\/media\/9996"}],"wp:attachment":[{"href":"https:\/\/terraenatura.com\/en\/wp-json\/wp\/v2\/media?parent=9998"}],"wp:term":[{"taxonomy":"product_brand","embeddable":true,"href":"https:\/\/terraenatura.com\/en\/wp-json\/wp\/v2\/product_brand?post=9998"},{"taxonomy":"product_cat","embeddable":true,"href":"https:\/\/terraenatura.com\/en\/wp-json\/wp\/v2\/product_cat?post=9998"},{"taxonomy":"product_tag","embeddable":true,"href":"https:\/\/terraenatura.com\/en\/wp-json\/wp\/v2\/product_tag?post=9998"}],"curies":[{"name":"wp","href":"https:\/\/api.w.org\/{rel}","templated":true}]}}